{"id":54,"date":"2023-05-02T10:13:00","date_gmt":"2023-05-02T10:13:00","guid":{"rendered":"https:\/\/eos-aviation.de\/?page_id=54"},"modified":"2023-05-09T08:48:15","modified_gmt":"2023-05-09T08:48:15","slug":"frankfurt","status":"publish","type":"page","link":"https:\/\/eos-aviation.de\/index.php\/frankfurt\/","title":{"rendered":"Frankfurt"},"content":{"rendered":"<p>[et_pb_section fb_built=&#8220;1&#8243; _builder_version=&#8220;4.20.4&#8243; _module_preset=&#8220;default&#8220; custom_margin=&#8220;||||false|false&#8220; custom_padding=&#8220;||0px||false|false&#8220; hover_enabled=&#8220;0&#8243; global_colors_info=&#8220;{}&#8220; sticky_enabled=&#8220;0&#8243;][et_pb_row _builder_version=&#8220;4.20.4&#8243; _module_preset=&#8220;default&#8220; global_colors_info=&#8220;{}&#8220;][et_pb_column type=&#8220;4_4&#8243; _builder_version=&#8220;4.20.4&#8243; _module_preset=&#8220;default&#8220; global_colors_info=&#8220;{}&#8220;][et_pb_text _builder_version=&#8220;4.20.4&#8243; _module_preset=&#8220;default&#8220; header_font=&#8220;||||||||&#8220; header_text_align=&#8220;center&#8220; hover_enabled=&#8220;0&#8243; locked=&#8220;off&#8220; global_colors_info=&#8220;{}&#8220; header_font_size=&#8220;100px&#8220; sticky_enabled=&#8220;0&#8243;]<\/p>\n<h1>Frankfurt<\/h1>\n<p>[\/et_pb_text][\/et_pb_column][\/et_pb_row][\/et_pb_section][et_pb_section fb_built=&#8220;1&#8243; _builder_version=&#8220;4.20.4&#8243; _module_preset=&#8220;default&#8220; custom_padding=&#8220;0px||||false|false&#8220; global_colors_info=&#8220;{}&#8220;][et_pb_row _builder_version=&#8220;4.20.4&#8243; _module_preset=&#8220;default&#8220; max_width=&#8220;none&#8220; global_colors_info=&#8220;{}&#8220;][et_pb_column type=&#8220;4_4&#8243; _builder_version=&#8220;4.20.4&#8243; _module_preset=&#8220;default&#8220; global_colors_info=&#8220;{}&#8220;][et_pb_text _builder_version=&#8220;4.20.4&#8243; _module_preset=&#8220;default&#8220; header_font=&#8220;||||on||||&#8220; header_text_align=&#8220;center&#8220; locked=&#8220;off&#8220; global_colors_info=&#8220;{}&#8220;]<\/p>\n<h1>Entwurf 1<\/h1>\n<p>[\/et_pb_text][et_pb_text _builder_version=&#8220;4.20.4&#8243; _module_preset=&#8220;default&#8220; global_colors_info=&#8220;{}&#8220;]<\/p>\n<p><strong><span style=\"font-family: Trebuchet MS;\"><span style=\"font-size: large;\"><u>Fotoposition 1 &#8211; An der Autobahn A5<\/u><\/span><\/span><\/strong><strong><span style=\"font-family: Trebuchet MS;\"><span style=\"font-size: large;\"><\/span><\/span><\/strong><\/p>\n<p><strong> <\/strong><\/p>\n<p><strong><\/strong><strong><span style=\"font-family: Trebuchet MS;\"><span style=\"font-size: small;\"><u>Beschreibung:<\/u><\/span><\/span><\/strong><strong><span>\u00a0<\/span><\/strong><strong><span><span style=\"font-family: Trebuchet MS;\"><span style=\"font-size: small;\">Hier<\/span><\/span><\/span><\/strong><strong><span>\u00a0<\/span><\/strong><strong><span style=\"font-family: Trebuchet MS;\"><span style=\"font-size: small;\">hat man perfekte Sicht auf die bei Westbetrieb landenden und bei Ostbetrieb startenden Flugzeuge. Von der Br\u00fccke \u00fcber der Autobahn hat man eine sehr gute Sicht, ebenso wie eine Ecke weiter. Hier k\u00f6nnt ihr zudem alle Flugzeuge sehen die auf dem Taxiway vorbeirollen.<br \/>Leider steht hier seit dem Neubau der Hochbahn f\u00fcr das Terminal 3 ein erh\u00f6hter Zaun, sodass Dieser leicht ins Bild ragt.<br \/>Das Licht ist bis nachmittags gut, nur gegen Abend wird es dann st\u00f6rend. Um Frontalaufnahmen aufzunehmen lauft ihr einfach den Weg weiter runter in Richtung des Frankfurter Kreuzes.<br \/>Bei Ostbetrieb empfielt sich auch die Fotoposition an der Startbahn West, aber dazu gleich mehr bei Fotoposition 3.<\/span><\/span><\/strong><\/p>\n<p><strong><\/strong><strong><span style=\"font-family: Trebuchet MS;\"><span style=\"font-size: small;\"><u>Wie finde ich diese Position?:<\/u><\/span><\/span><\/strong><strong><span>\u00a0<\/span><\/strong><strong><span style=\"font-family: Trebuchet MS;\"><span style=\"font-size: small;\">Die Anfahrt mit dem Auto ist nicht schwierig. Einfach die A5 an der Ausfahrt Zeppelinheim\/Cargo City S\u00fcd verlassen und dann weiter in Richtung Zeppelinheim fahren. Ihr m\u00fcsst danach gleich wieder links in ein Waldst\u00fcck abbiegen, dort erwartet euch am Ende der kleinen Stra\u00dfe ein Parkplatz auf dem ihr kostenfrei parken k\u00f6nnt.<br \/>Parkt bei M\u00f6glichkeit nicht in der Parkverbotszone, denn die Polizei kommt des \u00f6fteren vorbei und kontrolliert. Bei gutem Wetter und vor allem am Wochenende wird das aber kaum vermeidbar sein.<br \/>Dann einfach den Weg runter in Richtung Flughafen laufen.<\/span><\/span><\/strong><strong> <\/strong><\/p>\n<p><strong><\/strong><strong><span style=\"font-family: Trebuchet MS;\"><span style=\"font-size: small;\"><u>Tageszeit?:<\/u><\/span><\/span><\/strong><strong><span>\u00a0<\/span><\/strong><strong><span style=\"font-family: Trebuchet MS;\"><span style=\"font-size: small;\">Von Sonnenaufgang bis Nachmittag<\/span><\/span><\/strong><\/p>\n<p>[\/et_pb_text][\/et_pb_column][\/et_pb_row][\/et_pb_section][et_pb_section fb_built=&#8220;1&#8243; _builder_version=&#8220;4.20.4&#8243; _module_preset=&#8220;default&#8220; background_color=&#8220;#f9f9f9&#8243; custom_padding=&#8220;0px||||false|false&#8220; global_colors_info=&#8220;{}&#8220;][et_pb_row column_structure=&#8220;1_2,1_2&#8243; make_equal=&#8220;on&#8220; _builder_version=&#8220;4.20.4&#8243; _module_preset=&#8220;default&#8220; global_colors_info=&#8220;{}&#8220;][et_pb_column type=&#8220;1_2&#8243; module_class=&#8220;vertikal-zentrieren&#8220; _builder_version=&#8220;4.20.4&#8243; _module_preset=&#8220;default&#8220; global_colors_info=&#8220;{}&#8220;][et_pb_text _builder_version=&#8220;4.20.4&#8243; _module_preset=&#8220;default&#8220; global_colors_info=&#8220;{}&#8220;]<\/p>\n<p><strong><span style=\"font-family: Trebuchet MS;\"><span style=\"font-size: large;\"><u>Bilder Fotoposition 1&#8230;<\/u><\/span><\/span><\/strong><strong><span style=\"font-family: Trebuchet MS;\"><span style=\"font-size: small;\"><\/span><\/span><\/strong><\/p>\n<p>&#8230;beim Landeanflug auf 25L und 25C (Westbetrieb)<\/p>\n<p>[\/et_pb_text][\/et_pb_column][et_pb_column type=&#8220;1_2&#8243; module_class=&#8220;vertikal-zentrieren&#8220; _builder_version=&#8220;4.20.4&#8243; _module_preset=&#8220;default&#8220; global_colors_info=&#8220;{}&#8220;][et_pb_slider _builder_version=&#8220;4.20.4&#8243; _module_preset=&#8220;default&#8220; min_height=&#8220;350px&#8220; global_colors_info=&#8220;{}&#8220;][et_pb_slide _builder_version=&#8220;4.20.4&#8243; _module_preset=&#8220;default&#8220; background_enable_color=&#8220;off&#8220; background_image=&#8220;https:\/\/eos-aviation.de\/wp-content\/uploads\/2023\/04\/23.jpg&#8220; background_enable_image=&#8220;on&#8220; global_colors_info=&#8220;{}&#8220; sticky_transition=&#8220;on&#8220;][\/et_pb_slide][et_pb_slide _builder_version=&#8220;4.20.4&#8243; _module_preset=&#8220;default&#8220; background_image=&#8220;https:\/\/eos-aviation.de\/wp-content\/uploads\/2023\/04\/69.jpg&#8220; background_enable_image=&#8220;on&#8220; global_colors_info=&#8220;{}&#8220; sticky_transition=&#8220;on&#8220;][\/et_pb_slide][\/et_pb_slider][\/et_pb_column][\/et_pb_row][et_pb_row column_structure=&#8220;1_2,1_2&#8243; make_equal=&#8220;on&#8220; _builder_version=&#8220;4.20.4&#8243; _module_preset=&#8220;default&#8220; global_colors_info=&#8220;{}&#8220;][et_pb_column type=&#8220;1_2&#8243; module_class=&#8220;vertikal-zentrieren&#8220; _builder_version=&#8220;4.20.4&#8243; _module_preset=&#8220;default&#8220; global_colors_info=&#8220;{}&#8220;][et_pb_text _builder_version=&#8220;4.20.4&#8243; _module_preset=&#8220;default&#8220; global_colors_info=&#8220;{}&#8220;]<\/p>\n<p>&#8230;beim Starten auf 07C (Ostbetrieb)<\/p>\n<p>[\/et_pb_text][\/et_pb_column][et_pb_column type=&#8220;1_2&#8243; module_class=&#8220;vertikal-zentrieren&#8220; _builder_version=&#8220;4.20.4&#8243; _module_preset=&#8220;default&#8220; global_colors_info=&#8220;{}&#8220;][et_pb_slider _builder_version=&#8220;4.20.4&#8243; _module_preset=&#8220;default&#8220; min_height=&#8220;350px&#8220; global_colors_info=&#8220;{}&#8220;][et_pb_slide _builder_version=&#8220;4.20.4&#8243; _module_preset=&#8220;default&#8220; background_enable_color=&#8220;off&#8220; background_image=&#8220;https:\/\/eos-aviation.de\/wp-content\/uploads\/2023\/04\/23.jpg&#8220; background_enable_image=&#8220;on&#8220; global_colors_info=&#8220;{}&#8220; sticky_transition=&#8220;on&#8220;][\/et_pb_slide][et_pb_slide _builder_version=&#8220;4.20.4&#8243; _module_preset=&#8220;default&#8220; background_image=&#8220;https:\/\/eos-aviation.de\/wp-content\/uploads\/2023\/04\/69.jpg&#8220; background_enable_image=&#8220;on&#8220; global_colors_info=&#8220;{}&#8220; sticky_transition=&#8220;on&#8220;][\/et_pb_slide][\/et_pb_slider][\/et_pb_column][\/et_pb_row][et_pb_row column_structure=&#8220;1_2,1_2&#8243; make_equal=&#8220;on&#8220; _builder_version=&#8220;4.20.4&#8243; _module_preset=&#8220;default&#8220; global_colors_info=&#8220;{}&#8220;][et_pb_column type=&#8220;1_2&#8243; module_class=&#8220;vertikal-zentrieren&#8220; _builder_version=&#8220;4.20.4&#8243; _module_preset=&#8220;default&#8220; global_colors_info=&#8220;{}&#8220;][et_pb_text _builder_version=&#8220;4.20.4&#8243; _module_preset=&#8220;default&#8220; global_colors_info=&#8220;{}&#8220;]&#8230;vom Taxiway[\/et_pb_text][\/et_pb_column][et_pb_column type=&#8220;1_2&#8243; module_class=&#8220;vertikal-zentrieren&#8220; _builder_version=&#8220;4.20.4&#8243; _module_preset=&#8220;default&#8220; global_colors_info=&#8220;{}&#8220;][et_pb_slider _builder_version=&#8220;4.20.4&#8243; _module_preset=&#8220;default&#8220; min_height=&#8220;350px&#8220; global_colors_info=&#8220;{}&#8220;][et_pb_slide _builder_version=&#8220;4.20.4&#8243; _module_preset=&#8220;default&#8220; background_enable_color=&#8220;off&#8220; background_image=&#8220;https:\/\/eos-aviation.de\/wp-content\/uploads\/2023\/04\/23.jpg&#8220; background_enable_image=&#8220;on&#8220; global_colors_info=&#8220;{}&#8220; sticky_transition=&#8220;on&#8220;][\/et_pb_slide][et_pb_slide _builder_version=&#8220;4.20.4&#8243; _module_preset=&#8220;default&#8220; background_image=&#8220;https:\/\/eos-aviation.de\/wp-content\/uploads\/2023\/04\/69.jpg&#8220; background_enable_image=&#8220;on&#8220; global_colors_info=&#8220;{}&#8220; sticky_transition=&#8220;on&#8220;][\/et_pb_slide][\/et_pb_slider][\/et_pb_column][\/et_pb_row][\/et_pb_section][et_pb_section fb_built=&#8220;1&#8243; _builder_version=&#8220;4.20.4&#8243; _module_preset=&#8220;default&#8220; custom_padding=&#8220;0px||||false|false&#8220; global_colors_info=&#8220;{}&#8220;][et_pb_row _builder_version=&#8220;4.20.4&#8243; _module_preset=&#8220;default&#8220; max_width=&#8220;none&#8220; global_colors_info=&#8220;{}&#8220;][et_pb_column type=&#8220;4_4&#8243; _builder_version=&#8220;4.20.4&#8243; _module_preset=&#8220;default&#8220; global_colors_info=&#8220;{}&#8220;][et_pb_text _builder_version=&#8220;4.20.4&#8243; _module_preset=&#8220;default&#8220; header_font=&#8220;||||on||||&#8220; header_text_align=&#8220;center&#8220; locked=&#8220;off&#8220; global_colors_info=&#8220;{}&#8220;]<\/p>\n<h1>Entwurf 2<\/h1>\n<p>[\/et_pb_text][et_pb_text _builder_version=&#8220;4.20.4&#8243; _module_preset=&#8220;default&#8220; global_colors_info=&#8220;{}&#8220;]<\/p>\n<p><strong><span style=\"font-family: Trebuchet MS;\"><span style=\"font-size: large;\"><u>Fotoposition 1 &#8211; An der Autobahn A5<\/u><\/span><\/span><\/strong><strong><span style=\"font-family: Trebuchet MS;\"><span style=\"font-size: large;\"><\/span><\/span><\/strong><\/p>\n<p><strong> <\/strong><\/p>\n<p><strong><\/strong><strong><span style=\"font-family: Trebuchet MS;\"><span style=\"font-size: small;\"><u>Beschreibung:<\/u><\/span><\/span><\/strong><strong><span>\u00a0<\/span><\/strong><strong><span><span style=\"font-family: Trebuchet MS;\"><span style=\"font-size: small;\">Hier<\/span><\/span><\/span><\/strong><strong><span>\u00a0<\/span><\/strong><strong><span style=\"font-family: Trebuchet MS;\"><span style=\"font-size: small;\">hat man perfekte Sicht auf die bei Westbetrieb landenden und bei Ostbetrieb startenden Flugzeuge. Von der Br\u00fccke \u00fcber der Autobahn hat man eine sehr gute Sicht, ebenso wie eine Ecke weiter. Hier k\u00f6nnt ihr zudem alle Flugzeuge sehen die auf dem Taxiway vorbeirollen.<br \/>Leider steht hier seit dem Neubau der Hochbahn f\u00fcr das Terminal 3 ein erh\u00f6hter Zaun, sodass Dieser leicht ins Bild ragt.<br \/>Das Licht ist bis nachmittags gut, nur gegen Abend wird es dann st\u00f6rend. Um Frontalaufnahmen aufzunehmen lauft ihr einfach den Weg weiter runter in Richtung des Frankfurter Kreuzes.<br \/>Bei Ostbetrieb empfielt sich auch die Fotoposition an der Startbahn West, aber dazu gleich mehr bei Fotoposition 3.<\/span><\/span><\/strong><\/p>\n<p><strong><\/strong><strong><span style=\"font-family: Trebuchet MS;\"><span style=\"font-size: small;\"><u>Wie finde ich diese Position?:<\/u><\/span><\/span><\/strong><strong><span>\u00a0<\/span><\/strong><strong><span style=\"font-family: Trebuchet MS;\"><span style=\"font-size: small;\">Die Anfahrt mit dem Auto ist nicht schwierig. Einfach die A5 an der Ausfahrt Zeppelinheim\/Cargo City S\u00fcd verlassen und dann weiter in Richtung Zeppelinheim fahren. Ihr m\u00fcsst danach gleich wieder links in ein Waldst\u00fcck abbiegen, dort erwartet euch am Ende der kleinen Stra\u00dfe ein Parkplatz auf dem ihr kostenfrei parken k\u00f6nnt.<br \/>Parkt bei M\u00f6glichkeit nicht in der Parkverbotszone, denn die Polizei kommt des \u00f6fteren vorbei und kontrolliert. Bei gutem Wetter und vor allem am Wochenende wird das aber kaum vermeidbar sein.<br \/>Dann einfach den Weg runter in Richtung Flughafen laufen.<\/span><\/span><\/strong><strong> <\/strong><\/p>\n<p><strong><\/strong><strong><span style=\"font-family: Trebuchet MS;\"><span style=\"font-size: small;\"><u>Tageszeit?:<\/u><\/span><\/span><\/strong><strong><span>\u00a0<\/span><\/strong><strong><span style=\"font-family: Trebuchet MS;\"><span style=\"font-size: small;\">Von Sonnenaufgang bis Nachmittag<\/span><\/span><\/strong><\/p>\n<p>[\/et_pb_text][\/et_pb_column][\/et_pb_row][\/et_pb_section][et_pb_section fb_built=&#8220;1&#8243; _builder_version=&#8220;4.20.4&#8243; _module_preset=&#8220;default&#8220; background_color=&#8220;#f9f9f9&#8243; custom_padding=&#8220;0px||||false|false&#8220; global_colors_info=&#8220;{}&#8220;][et_pb_row _builder_version=&#8220;4.20.4&#8243; _module_preset=&#8220;default&#8220; global_colors_info=&#8220;{}&#8220;][et_pb_column type=&#8220;4_4&#8243; _builder_version=&#8220;4.20.4&#8243; _module_preset=&#8220;default&#8220; global_colors_info=&#8220;{}&#8220;][et_pb_text _builder_version=&#8220;4.20.4&#8243; _module_preset=&#8220;default&#8220; global_colors_info=&#8220;{}&#8220;]<\/p>\n<p><strong><span style=\"font-family: Trebuchet MS;\"><span style=\"font-size: large;\"><u>Bilder Fotoposition 1&#8230;<\/u><\/span><\/span><\/strong><strong><span style=\"font-family: Trebuchet MS;\"><span style=\"font-size: small;\"><\/span><\/span><\/strong><\/p>\n<p>[\/et_pb_text][\/et_pb_column][\/et_pb_row][et_pb_row column_structure=&#8220;1_3,1_3,1_3&#8243; make_equal=&#8220;on&#8220; _builder_version=&#8220;4.20.4&#8243; _module_preset=&#8220;default&#8220; max_width=&#8220;none&#8220; global_colors_info=&#8220;{}&#8220;][et_pb_column type=&#8220;1_3&#8243; module_class=&#8220;vertikal-zentrieren&#8220; _builder_version=&#8220;4.20.4&#8243; _module_preset=&#8220;default&#8220; global_colors_info=&#8220;{}&#8220;][et_pb_text _builder_version=&#8220;4.20.4&#8243; _module_preset=&#8220;default&#8220; text_orientation=&#8220;center&#8220; global_colors_info=&#8220;{}&#8220;]<\/p>\n<p>&#8230;beim Landeanflug auf 25L und 25C (Westbetrieb)<\/p>\n<p>[\/et_pb_text][et_pb_slider _builder_version=&#8220;4.20.4&#8243; _module_preset=&#8220;default&#8220; min_height=&#8220;350px&#8220; global_colors_info=&#8220;{}&#8220;][et_pb_slide _builder_version=&#8220;4.20.4&#8243; _module_preset=&#8220;default&#8220; background_enable_color=&#8220;off&#8220; background_image=&#8220;https:\/\/eos-aviation.de\/wp-content\/uploads\/2023\/04\/23.jpg&#8220; background_enable_image=&#8220;on&#8220; global_colors_info=&#8220;{}&#8220; sticky_transition=&#8220;on&#8220;][\/et_pb_slide][et_pb_slide _builder_version=&#8220;4.20.4&#8243; _module_preset=&#8220;default&#8220; background_image=&#8220;https:\/\/eos-aviation.de\/wp-content\/uploads\/2023\/04\/69.jpg&#8220; background_enable_image=&#8220;on&#8220; global_colors_info=&#8220;{}&#8220; sticky_transition=&#8220;on&#8220;][\/et_pb_slide][\/et_pb_slider][\/et_pb_column][et_pb_column type=&#8220;1_3&#8243; module_class=&#8220;vertikal-zentrieren&#8220; _builder_version=&#8220;4.20.4&#8243; _module_preset=&#8220;default&#8220; global_colors_info=&#8220;{}&#8220;][et_pb_text _builder_version=&#8220;4.20.4&#8243; _module_preset=&#8220;default&#8220; text_orientation=&#8220;center&#8220; global_colors_info=&#8220;{}&#8220;]<\/p>\n<p>&#8230;beim Starten auf 07C (Ostbetrieb)<\/p>\n<p>[\/et_pb_text][et_pb_slider _builder_version=&#8220;4.20.4&#8243; _module_preset=&#8220;default&#8220; min_height=&#8220;350px&#8220; global_colors_info=&#8220;{}&#8220;][et_pb_slide _builder_version=&#8220;4.20.4&#8243; _module_preset=&#8220;default&#8220; background_enable_color=&#8220;off&#8220; background_image=&#8220;https:\/\/eos-aviation.de\/wp-content\/uploads\/2023\/04\/23.jpg&#8220; background_enable_image=&#8220;on&#8220; global_colors_info=&#8220;{}&#8220; sticky_transition=&#8220;on&#8220;][\/et_pb_slide][et_pb_slide _builder_version=&#8220;4.20.4&#8243; _module_preset=&#8220;default&#8220; background_image=&#8220;https:\/\/eos-aviation.de\/wp-content\/uploads\/2023\/04\/69.jpg&#8220; background_enable_image=&#8220;on&#8220; global_colors_info=&#8220;{}&#8220; sticky_transition=&#8220;on&#8220;][\/et_pb_slide][\/et_pb_slider][\/et_pb_column][et_pb_column type=&#8220;1_3&#8243; module_class=&#8220;vertikal-zentrieren&#8220; _builder_version=&#8220;4.20.4&#8243; _module_preset=&#8220;default&#8220; global_colors_info=&#8220;{}&#8220;][et_pb_text _builder_version=&#8220;4.20.4&#8243; _module_preset=&#8220;default&#8220; text_orientation=&#8220;center&#8220; global_colors_info=&#8220;{}&#8220;]<\/p>\n<p>&#8230;vom Taxiway<\/p>\n<p>[\/et_pb_text][et_pb_slider _builder_version=&#8220;4.20.4&#8243; _module_preset=&#8220;default&#8220; min_height=&#8220;350px&#8220; global_colors_info=&#8220;{}&#8220;][et_pb_slide _builder_version=&#8220;4.20.4&#8243; _module_preset=&#8220;default&#8220; background_enable_color=&#8220;off&#8220; background_image=&#8220;https:\/\/eos-aviation.de\/wp-content\/uploads\/2023\/04\/23.jpg&#8220; background_enable_image=&#8220;on&#8220; global_colors_info=&#8220;{}&#8220; sticky_transition=&#8220;on&#8220;][\/et_pb_slide][et_pb_slide _builder_version=&#8220;4.20.4&#8243; _module_preset=&#8220;default&#8220; background_image=&#8220;https:\/\/eos-aviation.de\/wp-content\/uploads\/2023\/04\/69.jpg&#8220; background_enable_image=&#8220;on&#8220; global_colors_info=&#8220;{}&#8220; sticky_transition=&#8220;on&#8220;][\/et_pb_slide][\/et_pb_slider][\/et_pb_column][\/et_pb_row][\/et_pb_section]<\/p>\n","protected":false},"excerpt":{"rendered":"<p>FrankfurtEntwurf 1Fotoposition 1 &#8211; An der Autobahn A5 Beschreibung:\u00a0Hier\u00a0hat man perfekte Sicht auf die bei Westbetrieb landenden und bei Ostbetrieb startenden Flugzeuge. Von der Br\u00fccke \u00fcber der Autobahn hat man eine sehr gute Sicht, ebenso wie eine Ecke weiter. Hier k\u00f6nnt ihr zudem alle Flugzeuge sehen die auf dem Taxiway vorbeirollen.Leider steht hier seit dem [&hellip;]<\/p>\n","protected":false},"author":1,"featured_media":0,"parent":0,"menu_order":0,"comment_status":"closed","ping_status":"closed","template":"","meta":{"_et_pb_use_builder":"on","_et_pb_old_content":"","_et_gb_content_width":"","footnotes":""},"class_list":["post-54","page","type-page","status-publish","hentry"],"yoast_head":"<!-- This site is optimized with the Yoast SEO plugin v23.0 - https:\/\/yoast.com\/wordpress\/plugins\/seo\/ -->\n<title>Frankfurt - Eos Aviation<\/title>\n<meta name=\"robots\" content=\"index, follow, max-snippet:-1, max-image-preview:large, max-video-preview:-1\" \/>\n<link rel=\"canonical\" href=\"https:\/\/eos-aviation.de\/index.php\/frankfurt\/\" \/>\n<meta property=\"og:locale\" content=\"de_DE\" \/>\n<meta property=\"og:type\" content=\"article\" \/>\n<meta property=\"og:title\" content=\"Frankfurt - Eos Aviation\" \/>\n<meta property=\"og:description\" content=\"FrankfurtEntwurf 1Fotoposition 1 - An der Autobahn A5 Beschreibung:\u00a0Hier\u00a0hat man perfekte Sicht auf die bei Westbetrieb landenden und bei Ostbetrieb startenden Flugzeuge. Von der Br\u00fccke \u00fcber der Autobahn hat man eine sehr gute Sicht, ebenso wie eine Ecke weiter. Hier k\u00f6nnt ihr zudem alle Flugzeuge sehen die auf dem Taxiway vorbeirollen.Leider steht hier seit dem [&hellip;]\" \/>\n<meta property=\"og:url\" content=\"https:\/\/eos-aviation.de\/index.php\/frankfurt\/\" \/>\n<meta property=\"og:site_name\" content=\"Eos Aviation\" \/>\n<meta property=\"article:modified_time\" content=\"2023-05-09T08:48:15+00:00\" \/>\n<meta name=\"twitter:card\" content=\"summary_large_image\" \/>\n<meta name=\"twitter:label1\" content=\"Gesch\u00e4tzte Lesezeit\" \/>\n\t<meta name=\"twitter:data1\" content=\"8\u00a0Minuten\" \/>\n<script type=\"application\/ld+json\" class=\"yoast-schema-graph\">{\"@context\":\"https:\/\/schema.org\",\"@graph\":[{\"@type\":\"WebPage\",\"@id\":\"https:\/\/eos-aviation.de\/index.php\/frankfurt\/\",\"url\":\"https:\/\/eos-aviation.de\/index.php\/frankfurt\/\",\"name\":\"Frankfurt - Eos Aviation\",\"isPartOf\":{\"@id\":\"https:\/\/eos-aviation.de\/#website\"},\"datePublished\":\"2023-05-02T10:13:00+00:00\",\"dateModified\":\"2023-05-09T08:48:15+00:00\",\"breadcrumb\":{\"@id\":\"https:\/\/eos-aviation.de\/index.php\/frankfurt\/#breadcrumb\"},\"inLanguage\":\"de\",\"potentialAction\":[{\"@type\":\"ReadAction\",\"target\":[\"https:\/\/eos-aviation.de\/index.php\/frankfurt\/\"]}]},{\"@type\":\"BreadcrumbList\",\"@id\":\"https:\/\/eos-aviation.de\/index.php\/frankfurt\/#breadcrumb\",\"itemListElement\":[{\"@type\":\"ListItem\",\"position\":1,\"name\":\"Startseite\",\"item\":\"https:\/\/eos-aviation.de\/\"},{\"@type\":\"ListItem\",\"position\":2,\"name\":\"Frankfurt\"}]},{\"@type\":\"WebSite\",\"@id\":\"https:\/\/eos-aviation.de\/#website\",\"url\":\"https:\/\/eos-aviation.de\/\",\"name\":\"Eos Aviation\",\"description\":\"\",\"potentialAction\":[{\"@type\":\"SearchAction\",\"target\":{\"@type\":\"EntryPoint\",\"urlTemplate\":\"https:\/\/eos-aviation.de\/?s={search_term_string}\"},\"query-input\":\"required name=search_term_string\"}],\"inLanguage\":\"de\"}]}<\/script>\n<!-- \/ Yoast SEO plugin. -->","yoast_head_json":{"title":"Frankfurt - Eos Aviation","robots":{"index":"index","follow":"follow","max-snippet":"max-snippet:-1","max-image-preview":"max-image-preview:large","max-video-preview":"max-video-preview:-1"},"canonical":"https:\/\/eos-aviation.de\/index.php\/frankfurt\/","og_locale":"de_DE","og_type":"article","og_title":"Frankfurt - Eos Aviation","og_description":"FrankfurtEntwurf 1Fotoposition 1 - An der Autobahn A5 Beschreibung:\u00a0Hier\u00a0hat man perfekte Sicht auf die bei Westbetrieb landenden und bei Ostbetrieb startenden Flugzeuge. Von der Br\u00fccke \u00fcber der Autobahn hat man eine sehr gute Sicht, ebenso wie eine Ecke weiter. Hier k\u00f6nnt ihr zudem alle Flugzeuge sehen die auf dem Taxiway vorbeirollen.Leider steht hier seit dem [&hellip;]","og_url":"https:\/\/eos-aviation.de\/index.php\/frankfurt\/","og_site_name":"Eos Aviation","article_modified_time":"2023-05-09T08:48:15+00:00","twitter_card":"summary_large_image","twitter_misc":{"Gesch\u00e4tzte Lesezeit":"8\u00a0Minuten"},"schema":{"@context":"https:\/\/schema.org","@graph":[{"@type":"WebPage","@id":"https:\/\/eos-aviation.de\/index.php\/frankfurt\/","url":"https:\/\/eos-aviation.de\/index.php\/frankfurt\/","name":"Frankfurt - Eos Aviation","isPartOf":{"@id":"https:\/\/eos-aviation.de\/#website"},"datePublished":"2023-05-02T10:13:00+00:00","dateModified":"2023-05-09T08:48:15+00:00","breadcrumb":{"@id":"https:\/\/eos-aviation.de\/index.php\/frankfurt\/#breadcrumb"},"inLanguage":"de","potentialAction":[{"@type":"ReadAction","target":["https:\/\/eos-aviation.de\/index.php\/frankfurt\/"]}]},{"@type":"BreadcrumbList","@id":"https:\/\/eos-aviation.de\/index.php\/frankfurt\/#breadcrumb","itemListElement":[{"@type":"ListItem","position":1,"name":"Startseite","item":"https:\/\/eos-aviation.de\/"},{"@type":"ListItem","position":2,"name":"Frankfurt"}]},{"@type":"WebSite","@id":"https:\/\/eos-aviation.de\/#website","url":"https:\/\/eos-aviation.de\/","name":"Eos Aviation","description":"","potentialAction":[{"@type":"SearchAction","target":{"@type":"EntryPoint","urlTemplate":"https:\/\/eos-aviation.de\/?s={search_term_string}"},"query-input":"required name=search_term_string"}],"inLanguage":"de"}]}},"_links":{"self":[{"href":"https:\/\/eos-aviation.de\/index.php\/wp-json\/wp\/v2\/pages\/54","targetHints":{"allow":["GET"]}}],"collection":[{"href":"https:\/\/eos-aviation.de\/index.php\/wp-json\/wp\/v2\/pages"}],"about":[{"href":"https:\/\/eos-aviation.de\/index.php\/wp-json\/wp\/v2\/types\/page"}],"author":[{"embeddable":true,"href":"https:\/\/eos-aviation.de\/index.php\/wp-json\/wp\/v2\/users\/1"}],"replies":[{"embeddable":true,"href":"https:\/\/eos-aviation.de\/index.php\/wp-json\/wp\/v2\/comments?post=54"}],"version-history":[{"count":8,"href":"https:\/\/eos-aviation.de\/index.php\/wp-json\/wp\/v2\/pages\/54\/revisions"}],"predecessor-version":[{"id":67,"href":"https:\/\/eos-aviation.de\/index.php\/wp-json\/wp\/v2\/pages\/54\/revisions\/67"}],"wp:attachment":[{"href":"https:\/\/eos-aviation.de\/index.php\/wp-json\/wp\/v2\/media?parent=54"}],"curies":[{"name":"wp","href":"https:\/\/api.w.org\/{rel}","templated":true}]}}